{"id":56,"date":"2023-11-27T08:55:07","date_gmt":"2023-11-27T07:55:07","guid":{"rendered":"https:\/\/cerambic.fr\/?page_id=56"},"modified":"2025-09-10T10:01:11","modified_gmt":"2025-09-10T08:01:11","slug":"atelier-cerambic","status":"publish","type":"page","link":"https:\/\/cerambic.fr\/atelier-cerambic\/","title":{"rendered":"Atelier C\u00e9rambic"},"content":{"rendered":"\n<h2 class=\"wp-block-heading has-contrast-color has-base-2-background-color has-text-color has-background has-link-color has-large-font-size wp-elements-474aa424be1e47fea1e5a4824518b0eb\" style=\"text-transform:lowercase\">Cr\u00e9ations de Poteries &amp; C\u00e9ramiques artistiques<\/h2>\n\n\n\n<div class=\"wp-block-group alignfull has-base-2-background-color has-background has-global-padding is-layout-constrained wp-block-group-is-layout-constrained\" style=\"margin-top:0;margin-bottom:0;padding-top:var(--wp--preset--spacing--50);padding-right:var(--wp--preset--spacing--50);padding-bottom:var(--wp--preset--spacing--50);padding-left:var(--wp--preset--spacing--50)\">\n<div class=\"wp-block-columns alignwide is-layout-flex wp-container-core-columns-layout-1 wp-block-columns-is-layout-flex\">\n<div class=\"wp-block-column is-layout-flow wp-container-core-column-layout-1 wp-block-column-is-layout-flow\">\n<h3 class=\"wp-block-heading has-text-align-left is-style-asterisk has-body-font-family has-large-font-size\" style=\"font-style:normal;font-weight:100\">Cr\u00e9ations personnalis\u00e9es<\/h3>\n\n\n\n<ul>\n<li>-&gt;<a href=\"https:\/\/cerambic.fr\/atelier-cerambic\/2023\/12\/12\/alambic-charentais\/\"> l&rsquo;Alambic charentais<\/a><\/li>\n\n\n\n<li>-&gt; <a href=\"https:\/\/cerambic.fr\/atelier-cerambic\/2023\/12\/12\/creation-de-lampes\/\">Lampes<\/a><\/li>\n\n\n\n<li>-&gt; <a href=\"http:\/\/cerambic.fr\/atelier-cerambic\/2023\/12\/12\/grandes-poteries\/\">Grands pots <\/a>d&rsquo;int\u00e9rieur ou de jardin<\/li>\n\n\n\n<li>-&gt; <a href=\"https:\/\/cerambic.fr\/atelier-cerambic\/2023\/12\/29\/poteries-decoratives\/\">Objets de d\u00e9coration<\/a> <\/li>\n\n\n\n<li>-&gt;<a href=\"https:\/\/cerambic.fr\/atelier-cerambic\/2023\/12\/12\/les-oyas\/\"> Les Oyas<\/a><\/li>\n<\/ul>\n<\/div>\n\n\n\n<div class=\"wp-block-column is-layout-flow wp-container-core-column-layout-2 wp-block-column-is-layout-flow\">\n<h3 class=\"wp-block-heading has-text-align-left is-style-asterisk has-body-font-family has-large-font-size\" style=\"font-style:normal;font-weight:100\">Les ocarinas ou sifflets globulaires<\/h3>\n\n\n\n<p class=\"has-text-align-left\">Modelage de petits sujets en argile, fabrication du sifflet, d\u00e9cors d&rsquo;\u00e9maux color\u00e9s.<\/p>\n\n\n\n<div class=\"wp-block-buttons is-layout-flex wp-block-buttons-is-layout-flex\">\n<div class=\"wp-block-button is-style-outline\"><a class=\"wp-block-button__link wp-element-button\" href=\"https:\/\/cerambic.fr\/atelier-cerambic\/2023\/12\/04\/locarina-ou-sifflet-globulaire\/\">-&gt; fabrication<\/a><\/div>\n<\/div>\n<\/div>\n\n\n\n<div class=\"wp-block-column is-layout-flow wp-container-core-column-layout-3 wp-block-column-is-layout-flow\">\n<h3 class=\"wp-block-heading has-text-align-left is-style-asterisk has-body-font-family has-large-font-size\" style=\"font-style:normal;font-weight:100\">Cours de tournage en c\u00e9ramique<\/h3>\n\n\n\n<p>De l&rsquo;initiation au perfectionnement<\/p>\n\n\n\n<div class=\"wp-block-buttons is-layout-flex wp-block-buttons-is-layout-flex\">\n<div class=\"wp-block-button is-style-outline\"><a class=\"wp-block-button__link wp-element-button\" href=\"https:\/\/cerambic.fr\/2023\/11\/21\/cours-de-tournage-horaires-tarifs\/\">-&gt;  Les cours<\/a><\/div>\n<\/div>\n<\/div>\n<\/div>\n\n\n\n<div class=\"wp-block-columns alignwide is-layout-flex wp-container-core-columns-layout-2 wp-block-columns-is-layout-flex\">\n<div class=\"wp-block-column is-layout-flow wp-container-core-column-layout-4 wp-block-column-is-layout-flow\">\n<h3 class=\"wp-block-heading has-text-align-left is-style-asterisk has-body-font-family has-large-font-size\" style=\"font-style:normal;font-weight:100\">L&rsquo;atelier<\/h3>\n\n\n\n<p class=\"has-text-align-left\">Cr\u00e9e en 2013 dans un ancien chai r\u00e9nov\u00e9 occup\u00e9 autrefois par les Cognacs Sauvion<\/p>\n\n\n\n<div class=\"wp-block-buttons is-layout-flex wp-block-buttons-is-layout-flex\">\n<div class=\"wp-block-button is-style-outline\"><a class=\"wp-block-button__link wp-element-button\" href=\"https:\/\/cerambic.fr\/2023\/11\/27\/latelier-cerambic\/\">-&gt;  L&rsquo;atelier<\/a><\/div>\n<\/div>\n<\/div>\n\n\n\n<div class=\"wp-block-column is-layout-flow wp-container-core-column-layout-5 wp-block-column-is-layout-flow\">\n<h3 class=\"wp-block-heading has-text-align-left is-style-asterisk has-body-font-family has-large-font-size\" style=\"font-style:normal;font-weight:100\">Equipements<\/h3>\n\n\n\n<p class=\"has-text-align-left\">Les tours, les fours<\/p>\n\n\n\n<div class=\"wp-block-buttons is-layout-flex wp-block-buttons-is-layout-flex\">\n<div class=\"wp-block-button is-style-outline\"><a class=\"wp-block-button__link wp-element-button\" href=\"https:\/\/cerambic.fr\/atelier-cerambic\/2023\/11\/30\/les-equipements-de-latelier\/\">-&gt; voir<\/a><\/div>\n<\/div>\n<\/div>\n\n\n\n<div class=\"wp-block-column is-layout-flow wp-container-core-column-layout-6 wp-block-column-is-layout-flow\">\n<h3 class=\"wp-block-heading has-text-align-left is-style-asterisk has-body-font-family has-large-font-size\" style=\"font-style:normal;font-weight:100\">A propos<\/h3>\n\n\n\n<p class=\"has-text-align-left\">Bernard , le Potier &#8230;<\/p>\n\n\n\n<div class=\"wp-block-buttons is-layout-flex wp-block-buttons-is-layout-flex\">\n<div class=\"wp-block-button is-style-outline\"><a class=\"wp-block-button__link wp-element-button\" href=\"https:\/\/cerambic.fr\/atelier-cerambic\/2023\/12\/03\/bernard-le-potier\/\">-&gt; Mon parcours<\/a><\/div>\n<\/div>\n<\/div>\n<\/div>\n<\/div>\n\n\n\n<p class=\"has-text-align-center has-system-serif-font-family has-large-font-size\" style=\"margin-top:0;margin-right:var(--wp--preset--spacing--60);margin-bottom:0;margin-left:var(--wp--preset--spacing--60)\">Atelier C\u00e9rambic 22, rue Georges Briand <\/p>\n\n\n\n<p class=\"has-text-align-center has-system-serif-font-family has-large-font-size\" style=\"margin-top:0;margin-right:var(--wp--preset--spacing--60);margin-bottom:0;margin-left:var(--wp--preset--spacing--60)\">16100 Cognac<\/p>\n\n\n\n<h4 class=\"wp-block-heading\">Contact : Bernard Galy <\/h4>\n\n\n\n<h4 class=\"wp-block-heading\">Mob. 0679152080      Mail : cerambic@hotmail.fr<\/h4>\n\n\n\n<h3 class=\"wp-block-heading has-text-align-center has-contrast-color has-text-color has-large-font-size\" style=\"font-style:normal;font-weight:600\">Cessation d\u2019activit\u00e9 en janvier 2027<\/h3>\n\n\n\n<p class=\"has-text-align-center\">N\u00b0 SIRET 488 657 305 00022 Code NAF 9003 A<br>www.cerambic.fr<\/p>\n","protected":false},"excerpt":{"rendered":"<p>Cr\u00e9ations de Poteries &amp; C\u00e9ramiques artistiques Cr\u00e9ations personnalis\u00e9es Les ocarinas ou sifflets globulaires Modelage de petits sujets en argile, fabrication du sifflet, d\u00e9cors d&rsquo;\u00e9maux color\u00e9s. Cours de tournage en c\u00e9ramique De l&rsquo;initiation au perfectionnement L&rsquo;atelier Cr\u00e9e en 2013 dans un ancien chai r\u00e9nov\u00e9 occup\u00e9 autrefois par les Cognacs Sauvion Equipements Les tours, les fours A [&hellip;]<\/p>\n","protected":false},"author":1,"featured_media":51,"parent":0,"menu_order":0,"comment_status":"closed","ping_status":"closed","template":"","meta":{"footnotes":""},"_links":{"self":[{"href":"https:\/\/cerambic.fr\/atelier-cerambic\/wp-json\/wp\/v2\/pages\/56"}],"collection":[{"href":"https:\/\/cerambic.fr\/atelier-cerambic\/wp-json\/wp\/v2\/pages"}],"about":[{"href":"https:\/\/cerambic.fr\/atelier-cerambic\/wp-json\/wp\/v2\/types\/page"}],"author":[{"embeddable":true,"href":"https:\/\/cerambic.fr\/atelier-cerambic\/wp-json\/wp\/v2\/users\/1"}],"replies":[{"embeddable":true,"href":"https:\/\/cerambic.fr\/atelier-cerambic\/wp-json\/wp\/v2\/comments?post=56"}],"version-history":[{"count":38,"href":"https:\/\/cerambic.fr\/atelier-cerambic\/wp-json\/wp\/v2\/pages\/56\/revisions"}],"predecessor-version":[{"id":326,"href":"https:\/\/cerambic.fr\/atelier-cerambic\/wp-json\/wp\/v2\/pages\/56\/revisions\/326"}],"wp:featuredmedia":[{"embeddable":true,"href":"https:\/\/cerambic.fr\/atelier-cerambic\/wp-json\/wp\/v2\/media\/51"}],"wp:attachment":[{"href":"https:\/\/cerambic.fr\/atelier-cerambic\/wp-json\/wp\/v2\/media?parent=56"}],"curies":[{"name":"wp","href":"https:\/\/api.w.org\/{rel}","templated":true}]}}